{"id":11,"date":"2019-08-16T09:17:49","date_gmt":"2019-08-16T09:17:49","guid":{"rendered":"http:\/\/tvsky.pl\/cms\/?page_id=11"},"modified":"2025-02-03T14:53:29","modified_gmt":"2025-02-03T14:53:29","slug":"tv_warunki","status":"publish","type":"page","link":"https:\/\/tvsky.pl\/cms\/index.php\/telewizja-kablowa\/tv_warunki\/","title":{"rendered":"Warunki pod\u0142\u0105czenia"},"content":{"rendered":"\r\n<p><strong>ZAWARCIE UMOWY<\/strong><\/p>\r\n\r\n\r\n\r\n<ul class=\"wp-block-list\">\r\n<li>Umowa na pakiety telewizji kablowej jest promocyjn\u0105 umow\u0105 BEZTERMINOW\u0104 (bez okre\u015blonego terminu jej zako\u0144czenia i trwania) z trzymiesi\u0119cznym okresem wypowiedzenia (z wy\u0142\u0105czeniem aneks\u00f3w terminowych i \u00a0do um\u00f3w pakietowanych aneksem na 24 miesi\u0105ce \u2013\u00a0 telewizja+internet)<\/li>\r\n<li>Jednorazowa op\u0142ata za pod\u0142\u0105czenie wynosi 49 z\u0142 brutto.<\/li>\r\n<\/ul>\r\n\r\n\r\n\r\n<p><strong>P\u0141ATNO\u015aCI<\/strong><\/p>\r\n\r\n\r\n\r\n<ul class=\"wp-block-list\">\r\n<li>P\u0142atno\u015b\u0107 abonamentu z tytu\u0142u odbioru pakiet\u00f3w telewizji kablowej i Internetu D\u0105browa Sky odbywa si\u0119 do 15-tego dnia danego miesi\u0105ca za dany miesi\u0105c abonamentowy \u2013 czyli na przyk\u0142ad za stycze\u0144 p\u0142acimy do 15-stego stycznia, za luty do 15-stego lutego itd\u2026<\/li>\r\n<li>Osoby p\u0142ac\u0105ce kwartalnie proszone s\u0105 o p\u0142atno\u015b\u0107 do po\u0142owy kwarta\u0142u.<\/li>\r\n<li>Numery abonenckie zalegaj\u0105ce powy\u017cej dw\u00f3ch termin\u00f3w p\u0142atno\u015bci traktowane s\u0105 jako zaleg\u0142o\u015b\u0107 abonamentowa i podlegaj\u0105 standardowej procedurze windykacyjnej.<\/li>\r\n<\/ul>\r\n\r\n\r\n\r\n<p><strong>ZAWIESZENIE UMOWY<\/strong><\/p>\r\n\r\n\r\n\r\n<ul class=\"wp-block-list\">\r\n<li>Istnieje mo\u017cliwo\u015b\u0107 zawieszenia sygna\u0142u TV dla um\u00f3w bezterminowych na okres nie kr\u00f3tszy ni\u017c pe\u0142ne 3 miesi\u0105ce abonamentowe (nale\u017cy zg\u0142osi\u0107 na formularzu SKY-Z.TV \u00a0w naszym biurze przed okresem zawieszenia)<\/li>\r\n<li>Zawieszenia dokonujemy z JEDNOMIESI\u0118CZNYM WYPRZEDZENIEM czyli zmian\u0119 od 1 kwietnia nale\u017cy z\u0142o\u017cy\u0107 na pi\u015bmie w biurze do ostatniego dnia lutego.<\/li>\r\n<li>Mo\u017cliwo\u015b\u0107 zawieszenia dotyczy tylko i wy\u0142\u0105cznie um\u00f3w bez aneks\u00f3w terminowych.<\/li>\r\n<\/ul>\r\n\r\n\r\n\r\n<p><strong>ZMIANA PAKIETU<\/strong><\/p>\r\n\r\n\r\n\r\n<ul class=\"wp-block-list\">\r\n<li>ZMIANY PAKIET\u00d3W PROGRAMOWYCH mo\u017cna dokona\u0107\u00a0Z MIESI\u0118CZNYM WYPRZEDZENIEM ze skutkiem na koniec miesi\u0105ca (na przyk\u0142ad zmian\u0119 pakietu od 1 grudnia nale\u017cy zg\u0142osi\u0107 do 31 pa\u017adziernika)<\/li>\r\n<li>Mo\u017cliwo\u015b\u0107 zmiany pakietu dotyczy tylko i wy\u0142\u0105cznie um\u00f3w bez aneks\u00f3w terminowych<\/li>\r\n<\/ul>\r\n\r\n\r\n\r\n<p><strong>WYPOWIEDZENIE UMOWY<\/strong><\/p>\r\n\r\n\r\n\r\n<ul class=\"wp-block-list\">\r\n<li>umowa na telewizj\u0119 kablow\u0105 posiada trzymiesi\u0119czny okres wypowiedzenia na koniec trzeciego pe\u0142nego miesi\u0105ca abonamentowego nast\u0119puj\u0105cego po terminie wypowiedzenia.<\/li>\r\n<li>w wypadku wypowiadania umowy przez krewnych za osob\u0119 zmar\u0142\u0105, kt\u00f3ra posiada\u0142a u nas wykupion\u0105 us\u0142ug\u0119 \u00a0\u2013 prosimy o dostarczenie aktu zgonu \u2013 taka umowa wypowiadania jest z pomini\u0119ciem terminu wypowiedzenia na koniec miesi\u0105ca w kt\u00f3rym zosta\u0142 dostarczony do naszego biura akt zgonu.<\/li>\r\n<\/ul>\r\n\r\n\r\n\r\n<p><strong>NIE JEST MO\u017bLIWA ZMIANA PAKIETU ANI ZAWIESZENIE ODBIORU WSTECZ<\/strong>(je\u015bli chc\u0105 Pa\u0144stwo zmieni\u0107 pakiet od np. 1 kwietnia, zmian\u0119 pakietu nale\u017cy zg\u0142osi\u0107 w naszym biurze do ostatniego dnia marca)<\/p>\r\n","protected":false},"excerpt":{"rendered":"<p>ZAWARCIE UMOWY Umowa na pakiety telewizji kablowej jest promocyjn\u0105 umow\u0105 BEZTERMINOW\u0104 (bez okre\u015blonego terminu jej zako\u0144czenia i trwania) z trzymiesi\u0119cznym okresem wypowiedzenia (z wy\u0142\u0105czeniem aneks\u00f3w terminowych i \u00a0do um\u00f3w pakietowanych aneksem na 24 miesi\u0105ce \u2013\u00a0 telewizja+internet) Jednorazowa op\u0142ata za pod\u0142\u0105czenie wynosi 49 z\u0142 brutto. P\u0141ATNO\u015aCI P\u0142atno\u015b\u0107 abonamentu z tytu\u0142u odbioru pakiet\u00f3w telewizji kablowej i Internetu &hellip; <\/p>\n<p><a class=\"more-link btn\" href=\"https:\/\/tvsky.pl\/cms\/index.php\/telewizja-kablowa\/tv_warunki\/\">Czytaj dalej<\/a><\/p>\n","protected":false},"author":1,"featured_media":0,"parent":43,"menu_order":1,"comment_status":"closed","ping_status":"closed","template":"","meta":{"footnotes":""},"class_list":["post-11","page","type-page","status-publish","hentry","nodate","item-wrap"],"_links":{"self":[{"href":"https:\/\/tvsky.pl\/cms\/index.php\/wp-json\/wp\/v2\/pages\/11","targetHints":{"allow":["GET"]}}],"collection":[{"href":"https:\/\/tvsky.pl\/cms\/index.php\/wp-json\/wp\/v2\/pages"}],"about":[{"href":"https:\/\/tvsky.pl\/cms\/index.php\/wp-json\/wp\/v2\/types\/page"}],"author":[{"embeddable":true,"href":"https:\/\/tvsky.pl\/cms\/index.php\/wp-json\/wp\/v2\/users\/1"}],"replies":[{"embeddable":true,"href":"https:\/\/tvsky.pl\/cms\/index.php\/wp-json\/wp\/v2\/comments?post=11"}],"version-history":[{"count":6,"href":"https:\/\/tvsky.pl\/cms\/index.php\/wp-json\/wp\/v2\/pages\/11\/revisions"}],"predecessor-version":[{"id":412,"href":"https:\/\/tvsky.pl\/cms\/index.php\/wp-json\/wp\/v2\/pages\/11\/revisions\/412"}],"up":[{"embeddable":true,"href":"https:\/\/tvsky.pl\/cms\/index.php\/wp-json\/wp\/v2\/pages\/43"}],"wp:attachment":[{"href":"https:\/\/tvsky.pl\/cms\/index.php\/wp-json\/wp\/v2\/media?parent=11"}],"curies":[{"name":"wp","href":"https:\/\/api.w.org\/{rel}","templated":true}]}}