{"id":15,"date":"2019-08-16T09:19:17","date_gmt":"2019-08-16T09:19:17","guid":{"rendered":"http:\/\/tvsky.pl\/cms\/?page_id=15"},"modified":"2025-02-03T14:51:49","modified_gmt":"2025-02-03T14:51:49","slug":"tv_pakiety","status":"publish","type":"page","link":"https:\/\/tvsky.pl\/cms\/index.php\/telewizja-kablowa\/tv_pakiety\/","title":{"rendered":"Pakiety telewizyjne"},"content":{"rendered":"<table style=\"height: 287px;\" border=\"0\" width=\"948\" cellspacing=\"0\">\n<colgroup width=\"174\"><\/colgroup>\n<colgroup span=\"4\" width=\"102\"><\/colgroup>\n<tbody>\n<tr>\n<td align=\"left\" valign=\"middle\" height=\"25\"><\/td>\n<td align=\"center\" valign=\"middle\" bgcolor=\"#81D41A\">PAKIET<\/td>\n<td align=\"center\" valign=\"middle\" bgcolor=\"#FFD428\">PAKIET<\/td>\n<td align=\"center\" valign=\"middle\" bgcolor=\"#FF0000\">PAKIET<\/td>\n<td align=\"center\" valign=\"middle\" bgcolor=\"#CCCCCC\">PAKIET<\/td>\n<\/tr>\n<tr>\n<td align=\"left\" valign=\"middle\" height=\"22\"><\/td>\n<td align=\"center\" valign=\"middle\" bgcolor=\"#81D41A\">MINI<\/td>\n<td align=\"center\" valign=\"middle\" bgcolor=\"#FFD428\">PODSTAWOWY<\/td>\n<td align=\"center\" valign=\"middle\" bgcolor=\"#FF0000\">ROZSZERZONY<\/td>\n<td align=\"center\" valign=\"middle\" bgcolor=\"#CCCCCC\"><b><i>CANAL+<\/i><\/b><\/td>\n<\/tr>\n<tr>\n<td align=\"left\" valign=\"middle\" height=\"25\">Liczba kana\u0142\u00f3w cyfrowych<\/td>\n<td align=\"center\" valign=\"middle\" bgcolor=\"#81D41A\">60<\/td>\n<td align=\"center\" valign=\"middle\" bgcolor=\"#FFD428\">130<\/td>\n<td align=\"center\" valign=\"middle\" bgcolor=\"#FF0000\">155<\/td>\n<td align=\"center\" valign=\"middle\" bgcolor=\"#CCCCCC\">10<\/td>\n<\/tr>\n<tr>\n<td align=\"left\" valign=\"middle\" height=\"25\">Cena abonamentu \/ miesi\u0105c<\/td>\n<td align=\"center\" valign=\"middle\" bgcolor=\"#81D41A\"><b>29,00 z\u0142<\/b><\/td>\n<td align=\"center\" valign=\"middle\" bgcolor=\"#FFD428\"><b>64,00 z\u0142<\/b><\/td>\n<td align=\"center\" valign=\"middle\" bgcolor=\"#FF0000\"><b>86,00 z\u0142<\/b><\/td>\n<td align=\"center\" valign=\"middle\" bgcolor=\"#CCCCCC\"><b>35,00 z\u0142<\/b><\/td>\n<\/tr>\n<\/tbody>\n<\/table>\n<p><strong>wszystkie ceny obowi\u0105zuj\u0105 od dnia 1.01.2022 i s\u0105 cenami brutto, zawieraj\u0105 podatek VAT <\/strong><strong>oraz zawieraj\u0105 ulgi za terminow\u0105 wp\u0142at\u0119 w wysoko\u015bci 5 z\u0142 brutto, ulg\u0119 za elektroniczn\u0105 faktur\u0119 VAT w wysoko\u015bci 5 z\u0142 brutto raz ulg\u0119 2 z\u0142 brutto za wp\u0142at\u0119 got\u00f3wkow\u0105 w kasie Stowarzyszenia lub przelewem bankowym na konto Operatora.<\/strong><\/p>\n<p style=\"text-align: center;\"><strong><a href=\"https:\/\/tvsky.pl\/cms\/wp-content\/uploads\/2020\/05\/tv_lista.pdf\" target=\"_blank\" rel=\"noopener noreferrer\">AKTUALNA LISTA KANA\u0141\u00d3W<\/a><\/strong><\/p>\n","protected":false},"excerpt":{"rendered":"<p>PAKIET PAKIET PAKIET PAKIET MINI PODSTAWOWY ROZSZERZONY CANAL+ Liczba kana\u0142\u00f3w cyfrowych 60 130 155 10 Cena abonamentu \/ miesi\u0105c 29,00 z\u0142 64,00 z\u0142 86,00 z\u0142 35,00 z\u0142 wszystkie ceny obowi\u0105zuj\u0105 od dnia 1.01.2022 i s\u0105 cenami brutto, zawieraj\u0105 podatek VAT oraz zawieraj\u0105 ulgi za terminow\u0105 wp\u0142at\u0119 w wysoko\u015bci 5 z\u0142 brutto, ulg\u0119 za elektroniczn\u0105 faktur\u0119 &hellip; <\/p>\n<p><a class=\"more-link btn\" href=\"https:\/\/tvsky.pl\/cms\/index.php\/telewizja-kablowa\/tv_pakiety\/\">Czytaj dalej<\/a><\/p>\n","protected":false},"author":1,"featured_media":0,"parent":43,"menu_order":4,"comment_status":"closed","ping_status":"closed","template":"","meta":{"footnotes":""},"class_list":["post-15","page","type-page","status-publish","hentry","nodate","item-wrap"],"_links":{"self":[{"href":"https:\/\/tvsky.pl\/cms\/index.php\/wp-json\/wp\/v2\/pages\/15","targetHints":{"allow":["GET"]}}],"collection":[{"href":"https:\/\/tvsky.pl\/cms\/index.php\/wp-json\/wp\/v2\/pages"}],"about":[{"href":"https:\/\/tvsky.pl\/cms\/index.php\/wp-json\/wp\/v2\/types\/page"}],"author":[{"embeddable":true,"href":"https:\/\/tvsky.pl\/cms\/index.php\/wp-json\/wp\/v2\/users\/1"}],"replies":[{"embeddable":true,"href":"https:\/\/tvsky.pl\/cms\/index.php\/wp-json\/wp\/v2\/comments?post=15"}],"version-history":[{"count":13,"href":"https:\/\/tvsky.pl\/cms\/index.php\/wp-json\/wp\/v2\/pages\/15\/revisions"}],"predecessor-version":[{"id":411,"href":"https:\/\/tvsky.pl\/cms\/index.php\/wp-json\/wp\/v2\/pages\/15\/revisions\/411"}],"up":[{"embeddable":true,"href":"https:\/\/tvsky.pl\/cms\/index.php\/wp-json\/wp\/v2\/pages\/43"}],"wp:attachment":[{"href":"https:\/\/tvsky.pl\/cms\/index.php\/wp-json\/wp\/v2\/media?parent=15"}],"curies":[{"name":"wp","href":"https:\/\/api.w.org\/{rel}","templated":true}]}}