{"id":17,"date":"2019-08-16T09:19:49","date_gmt":"2019-08-16T09:19:49","guid":{"rendered":"http:\/\/tvsky.pl\/cms\/?page_id=17"},"modified":"2019-08-16T10:48:13","modified_gmt":"2019-08-16T10:48:13","slug":"int_podlaczenie","status":"publish","type":"page","link":"https:\/\/tvsky.pl\/cms\/index.php\/internet\/int_podlaczenie\/","title":{"rendered":"Instalacja Internetu"},"content":{"rendered":"\r\n<p>POD\u0141\u0104CZENIE SIECI SKY.NET<\/p>\r\n\r\n\r\n\r\n<ol class=\"wp-block-list\">\r\n<li><strong>Czego Pa\u0144stwo potrzebuj\u0105 by podpisa\u0107 umow\u0119 i cieszy\u0107 si\u0119 sygna\u0142em sieci SKY.NET ?<\/strong>\r\n<ul>\r\n<li>Je\u015bli s\u0105 Pa\u0144stwo zameldowani w lokalu w kt\u00f3rym ma by\u0107 przeprowadzona instalacja \u2013 tylko dow\u00f3d osobisty.<\/li>\r\n<li>Je\u015bli s\u0105 Pa\u0144stwo w\u0142a\u015bcicielami lokalu ale nie s\u0105 Pa\u0144stwo zameldowani \u2013 akt w\u0142asno\u015bci lokalu lub inny tytu\u0142 prawy oraz dow\u00f3d osobisty.<\/li>\r\n<li>Je\u015bli wynajmuj\u0105 Pa\u0144stwo lokal do kt\u00f3rego ma by\u0107 doprowadzony nasz sygna\u0142 \u2013 pozwolenie w\u0142a\u015bciciela lokalu (wype\u0142niony specjalny formularz, do pobrania w formacie PDF\u00a0<a href=\"http:\/\/web.archive.org\/web\/20171015142237\/https:\/\/tvsky.pl\/cms\/wp-content\/uploads\/2011\/11\/upowaznienie_zawarcie_umowy.pdf\">TUTAJ<\/a>), oraz Pa\u0144stwa dow\u00f3d osobisty je\u015bli umowa ma by\u0107 na wynajmuj\u0105cego lokal<\/li>\r\n<\/ul>\r\n<\/li>\r\n<li><strong>Koszt pod\u0142\u0105czenia sieci SKY.NET<\/strong>\u00a0\u2013 op\u0142ata aktywacyjna wynosi 49 Z\u0141 BRUTTO w wypadku nowej instalacji (p\u0142atne jednorazowo w kasie, po podpisaniu umowy \u2013 przed instalacj\u0105).<\/li>\r\n<li>Koszt pod\u0142\u0105czenia sieci SKY.NET \u2013 op\u0142ata aktywacyjna\u00a0wynosi 1 Z\u0141 BRUTTO w wypadku istniej\u0105cej u klienta w lokalu instalacji.<\/li>\r\n<li>Instalacja SKY.NET \u00a0przeprowadzana jest<strong>\u00a0zwyczajowo w ci\u0105gu 7 dni roboczych<\/strong>\u00a0od dnia nast\u0119puj\u0105cego po dniu podpisania umowy. Przy podpisaniu umowy na podany przez Pa\u0144stwa numer telefonu dzwoni instalator i umawia si\u0119 z Pa\u0144stwem na konkretny dzie\u0144 i godzin\u0119 instalacji.<\/li>\r\n<li>Wprowadzony do lokalu kabel zaka\u0144czany jest wtykiem RJ-45. Do poprawnego dzia\u0142ania us\u0142ugi w komputerze niezb\u0119dna jest obecno\u015b\u0107 karty sieciowej LAN.<\/li>\r\n<li>UWAGA! Wszelkie prace polegaj\u0105ce na przewiercaniu paneli pod\u0142ogowych i \u015bciennych, szaf, p\u0142ytek ceramicznych WYKONYWANE S\u0104 TYLKO I WY\u0141\u0104CZNIE NA \u017bYCZENIE I ODPOWIEDZIALNO\u015a\u0106 W\u0141A\u015aCICIELA \/ DYSPONENTU LOKALU.<\/li>\r\n<li>Informujemy, i\u017c instalatorzy nie demontuj\u0105\/montuj\u0105 \u00a0paneli pod\u0142ogowych ani \u015bciennych oraz boazerii, szaf wn\u0119kowych i tym podobnych element\u00f3w zabudowy.<\/li>\r\n<li>Do dzia\u0142ania w sieci niezb\u0119dne jest podanie adresu MAC urz\u0105dzenia podpi\u0119tego jako pierwsze do naszej sieci \u2013 MAC routera lub karty sieciowej komputera. Dopisujemy tylko JEDEN MAC-adres JEDNEGO urz\u0105dzenia w ramach jednego numeru abonenckiego.<\/li>\r\n<li>By rozga\u0142\u0119zi\u0107 sygna\u0142 w domu na dwa lub wi\u0119cej komputer\u00f3w niezb\u0119dne jest posiadanie routera w standardzie DSL. Zakup takiego urz\u0105dzenia nale\u017cy do abonenta we w\u0142asnym zakresie.<\/li>\r\n<\/ol>\r\n","protected":false},"excerpt":{"rendered":"<p>POD\u0141\u0104CZENIE SIECI SKY.NET Czego Pa\u0144stwo potrzebuj\u0105 by podpisa\u0107 umow\u0119 i cieszy\u0107 si\u0119 sygna\u0142em sieci SKY.NET ? Je\u015bli s\u0105 Pa\u0144stwo zameldowani w lokalu w kt\u00f3rym ma by\u0107 przeprowadzona instalacja \u2013 tylko dow\u00f3d osobisty. Je\u015bli s\u0105 Pa\u0144stwo w\u0142a\u015bcicielami lokalu ale nie s\u0105 Pa\u0144stwo zameldowani \u2013 akt w\u0142asno\u015bci lokalu lub inny tytu\u0142 prawy oraz dow\u00f3d osobisty. Je\u015bli wynajmuj\u0105 &hellip; <\/p>\n<p><a class=\"more-link btn\" href=\"https:\/\/tvsky.pl\/cms\/index.php\/internet\/int_podlaczenie\/\">Czytaj dalej<\/a><\/p>\n","protected":false},"author":1,"featured_media":0,"parent":45,"menu_order":2,"comment_status":"closed","ping_status":"closed","template":"","meta":{"footnotes":""},"class_list":["post-17","page","type-page","status-publish","hentry","nodate","item-wrap"],"_links":{"self":[{"href":"https:\/\/tvsky.pl\/cms\/index.php\/wp-json\/wp\/v2\/pages\/17","targetHints":{"allow":["GET"]}}],"collection":[{"href":"https:\/\/tvsky.pl\/cms\/index.php\/wp-json\/wp\/v2\/pages"}],"about":[{"href":"https:\/\/tvsky.pl\/cms\/index.php\/wp-json\/wp\/v2\/types\/page"}],"author":[{"embeddable":true,"href":"https:\/\/tvsky.pl\/cms\/index.php\/wp-json\/wp\/v2\/users\/1"}],"replies":[{"embeddable":true,"href":"https:\/\/tvsky.pl\/cms\/index.php\/wp-json\/wp\/v2\/comments?post=17"}],"version-history":[{"count":2,"href":"https:\/\/tvsky.pl\/cms\/index.php\/wp-json\/wp\/v2\/pages\/17\/revisions"}],"predecessor-version":[{"id":103,"href":"https:\/\/tvsky.pl\/cms\/index.php\/wp-json\/wp\/v2\/pages\/17\/revisions\/103"}],"up":[{"embeddable":true,"href":"https:\/\/tvsky.pl\/cms\/index.php\/wp-json\/wp\/v2\/pages\/45"}],"wp:attachment":[{"href":"https:\/\/tvsky.pl\/cms\/index.php\/wp-json\/wp\/v2\/media?parent=17"}],"curies":[{"name":"wp","href":"https:\/\/api.w.org\/{rel}","templated":true}]}}