{"id":21,"date":"2019-08-16T09:20:54","date_gmt":"2019-08-16T09:20:54","guid":{"rendered":"http:\/\/tvsky.pl\/cms\/?page_id=21"},"modified":"2025-12-02T14:35:50","modified_gmt":"2025-12-02T14:35:50","slug":"int_pakiety","status":"publish","type":"page","link":"https:\/\/tvsky.pl\/cms\/index.php\/internet\/int_pakiety\/","title":{"rendered":"Pakiety Internetowe"},"content":{"rendered":"<table border=\"0\" cellspacing=\"0\">\n<colgroup width=\"249\"><\/colgroup>\n<colgroup span=\"5\" width=\"68\"><\/colgroup>\n<tbody>\n<tr>\n<td align=\"left\" valign=\"middle\" height=\"34\"><b>Wszystkie \u0142\u0105cza w standardzie 1000 Mbps<\/b><\/td>\n<td align=\"center\" valign=\"middle\"><b>S<\/b><\/td>\n<td align=\"center\" valign=\"middle\"><b>A<\/b><\/td>\n<td align=\"center\" valign=\"middle\"><b>C<\/b><\/td>\n<td align=\"center\" valign=\"middle\"><b>D<\/b><\/td>\n<td align=\"center\" valign=\"middle\"><b>E<\/b><\/td>\n<\/tr>\n<tr>\n<td align=\"left\" height=\"22\">Nominalna szybko\u015b\u0107 \u0142\u0105cza down \/ up w Mbps<\/td>\n<td align=\"center\"><span style=\"color: #0000ff;\"><strong>100 \/ 20<\/strong><\/span><\/td>\n<td align=\"center\"><span style=\"color: #0000ff;\"><strong>200 \/ 30<\/strong><\/span><\/td>\n<td align=\"center\"><span style=\"color: #0000ff;\"><strong>400 \/ 40<\/strong><\/span><\/td>\n<td align=\"center\"><strong><span style=\"color: #0000ff;\">600 \/ 50<\/span><\/strong><\/td>\n<td align=\"center\"><span style=\"color: #0000ff;\"><strong>960 \/ 100<\/strong><\/span><\/td>\n<\/tr>\n<tr>\n<td align=\"left\" height=\"22\"><span style=\"color: #33cccc;\">pr\u0119dko\u015b\u0107 zwykle dost\u0119pna down\/ up w Mbps<\/span><\/td>\n<td align=\"center\"><span style=\"color: #33cccc;\">75 \/ 20<\/span><\/td>\n<td align=\"center\"><span style=\"color: #33cccc;\">150 \/ 30<\/span><\/td>\n<td align=\"center\"><span style=\"color: #33cccc;\">300 \/ 30<\/span><\/td>\n<td align=\"center\"><span style=\"color: #33cccc;\">450 \/ 40<\/span><\/td>\n<td align=\"center\"><span style=\"color: #33cccc;\">550 \/ 40<\/span><\/td>\n<\/tr>\n<tr>\n<td align=\"left\" height=\"22\"><span style=\"color: #33cccc;\">pr\u0119dko\u015b\u0107 minimalna down\/ up w Mbps<\/span><\/td>\n<td align=\"center\"><span style=\"color: #33cccc;\">50 \/ 15<\/span><\/td>\n<td align=\"center\"><span style=\"color: #33cccc;\">90 \/ 20<\/span><\/td>\n<td align=\"center\"><span style=\"color: #33cccc;\">140 \/ 30<\/span><\/td>\n<td align=\"center\"><span style=\"color: #33cccc;\">200 \/ 35<\/span><\/td>\n<td align=\"center\"><span style=\"color: #33cccc;\">300 \/ 40<\/span><\/td>\n<\/tr>\n<tr>\n<td align=\"left\" height=\"22\"><span style=\"color: #33cccc;\">pr\u0119dko\u015b\u0107 maksymalna down\/ up w Mbps<\/span><\/td>\n<td align=\"center\"><span style=\"color: #33cccc;\">100 \/ 100<\/span><\/td>\n<td align=\"center\"><span style=\"color: #33cccc;\">200 \/ 100<\/span><\/td>\n<td align=\"center\"><span style=\"color: #33cccc;\">400 \/ 100<\/span><\/td>\n<td align=\"center\"><span style=\"color: #33cccc;\">600 \/ 100<\/span><\/td>\n<td align=\"center\"><span style=\"color: #33cccc;\">990\/ 900<\/span><\/td>\n<\/tr>\n<tr>\n<td align=\"left\" height=\"24\">Internet jako sk\u0142adowa pakietu TV+INT na 24 miesi\u0105ce (+cena pakietu TV)<\/td>\n<td align=\"center\">&#8211;<\/td>\n<td align=\"center\">&#8211;<\/td>\n<td align=\"center\">&#8211;<\/td>\n<td align=\"center\">&#8211;<\/td>\n<td align=\"center\">&#8211;<\/td>\n<\/tr>\n<tr>\n<td align=\"left\" height=\"24\">sam Internet w promocyjnej umowie na 24 miesi\u0105ce<\/td>\n<td align=\"center\">&#8211;<\/td>\n<td align=\"center\">51,00 z\u0142<\/td>\n<td align=\"center\">63,00 z\u0142<\/td>\n<td align=\"center\"><strong>69,00 z\u0142<\/strong><\/td>\n<td align=\"center\">89,00 z\u0142<\/td>\n<\/tr>\n<tr>\n<td align=\"left\" height=\"24\"><\/td>\n<td align=\"center\"><\/td>\n<td align=\"center\"><\/td>\n<td align=\"center\"><\/td>\n<td align=\"center\"><\/td>\n<td align=\"center\"><\/td>\n<\/tr>\n<tr>\n<td align=\"left\" height=\"24\">sam Internet w promocyjnej umowie bezterminowej<\/td>\n<td align=\"center\">40,00 z\u0142<\/td>\n<td align=\"center\">56,00 z\u0142<\/td>\n<td align=\"center\">72,00 z\u0142<\/td>\n<td align=\"center\">86,00 z\u0142<\/td>\n<td align=\"center\">109,00 z\u0142<\/td>\n<\/tr>\n<tr>\n<td align=\"left\" height=\"17\"><\/td>\n<td align=\"left\"><\/td>\n<td align=\"left\"><\/td>\n<td align=\"left\"><\/td>\n<td align=\"left\"><\/td>\n<td align=\"left\"><\/td>\n<\/tr>\n<tr>\n<td align=\"left\" height=\"17\">Instalacja us\u0142ugi \u2013 nowa instalacja<\/td>\n<td align=\"left\"><\/td>\n<td colspan=\"2\" align=\"center\" valign=\"middle\">jednorazowo<\/td>\n<td align=\"right\">49,00 z\u0142<\/td>\n<\/tr>\n<tr>\n<td align=\"left\" height=\"17\">Instalacja us\u0142ugi \u2013 istniej\u0105ca instalacja<\/td>\n<td align=\"left\"><\/td>\n<td colspan=\"2\" align=\"center\" valign=\"middle\">jednorazowo<\/td>\n<td align=\"right\">1,00 z\u0142<\/td>\n<\/tr>\n<tr>\n<td align=\"left\" height=\"17\">Publiczny adres IP<\/td>\n<td align=\"left\"><\/td>\n<td colspan=\"2\" align=\"center\" valign=\"middle\">miesi\u0119cznie<\/td>\n<td align=\"right\">15,00 z\u0142<\/td>\n<\/tr>\n<tr>\n<td align=\"left\" height=\"17\"><\/td>\n<td align=\"left\"><\/td>\n<td align=\"left\"><\/td>\n<td align=\"left\"><\/td>\n<td align=\"left\"><\/td>\n<\/tr>\n<tr>\n<td colspan=\"5\">Pr\u0119dko\u015bci deklarowane, zwykle dost\u0119pne oraz minimalne podane s\u0105 dla urz\u0105dzenia ko\u0144cowego klienta (Router lub inne urz\u0105dzenie do kt\u00f3rego przypisany jest adres IP sparowany z adresem WAN MAC) z portem Uplink 1000 Mbps i sieci\u0105 Wi-Fi w technologii 5GHz AC1200. Dla urz\u0105dze\u0144 z portem uplink 100Mbps pr\u0119dko\u015b\u0107 maksymalna to 100Mbps. Pr\u0119dko\u015bci podane s\u0105 mierzone do ostatniego punktu styku w sieci operatora w pomiarze przez kabel LAN kategorii 5E.<\/p>\n<p>Testy przeprowadzono na zestawie Router <a href=\"https:\/\/www.x-kom.pl\/p\/466049-router-tp-link-archer-c6-1200mb-s-a-b-g-n-ac-dualband.html\" target=\"_blank\" rel=\"noopener noreferrer\">TP-Link Archer C6<\/a>\u00a0 oraz karta sieciowa <a href=\"https:\/\/www.x-kom.pl\/p\/493823-karta-sieciowa-tp-link-archer-t3u-1300mb-s-a-b-g-n-ac-dualband.html\" target=\"_blank\" rel=\"noopener noreferrer\">TP-Link Archer T3U<\/a>.<\/p>\n<p><strong>Wszystkie ceny s\u0105 cenami brutto i zawieraj\u0105 podatek VAT <\/strong><strong>oraz zawieraj\u0105 ulgi za terminow\u0105 wp\u0142at\u0119 w wysoko\u015bci 5 z\u0142 brutto, ulg\u0119 za elektroniczn\u0105 faktur\u0119 VAT w wysoko\u015bci 5 z\u0142 brutto raz ulg\u0119 2 z\u0142 brutto za wp\u0142at\u0119 got\u00f3wkow\u0105 w kasie Stowarzyszenia lub przelewem bankowym na konto Operatora. Cena brutto bez ulg jest kwot\u0105 abonamentu powi\u0119kszon\u0105 o 12 PLN.<\/strong><\/td>\n<\/tr>\n<\/tbody>\n<\/table>\n","protected":false},"excerpt":{"rendered":"<p>Wszystkie \u0142\u0105cza w standardzie 1000 Mbps S A C D E Nominalna szybko\u015b\u0107 \u0142\u0105cza down \/ up w Mbps 100 \/ 20 200 \/ 30 400 \/ 40 600 \/ 50 960 \/ 100 pr\u0119dko\u015b\u0107 zwykle dost\u0119pna down\/ up w Mbps 75 \/ 20 150 \/ 30 300 \/ 30 450 \/ 40 550 \/ &hellip; <\/p>\n<p><a class=\"more-link btn\" href=\"https:\/\/tvsky.pl\/cms\/index.php\/internet\/int_pakiety\/\">Czytaj dalej<\/a><\/p>\n","protected":false},"author":1,"featured_media":0,"parent":45,"menu_order":3,"comment_status":"closed","ping_status":"closed","template":"","meta":{"footnotes":""},"class_list":["post-21","page","type-page","status-publish","hentry","nodate","item-wrap"],"_links":{"self":[{"href":"https:\/\/tvsky.pl\/cms\/index.php\/wp-json\/wp\/v2\/pages\/21","targetHints":{"allow":["GET"]}}],"collection":[{"href":"https:\/\/tvsky.pl\/cms\/index.php\/wp-json\/wp\/v2\/pages"}],"about":[{"href":"https:\/\/tvsky.pl\/cms\/index.php\/wp-json\/wp\/v2\/types\/page"}],"author":[{"embeddable":true,"href":"https:\/\/tvsky.pl\/cms\/index.php\/wp-json\/wp\/v2\/users\/1"}],"replies":[{"embeddable":true,"href":"https:\/\/tvsky.pl\/cms\/index.php\/wp-json\/wp\/v2\/comments?post=21"}],"version-history":[{"count":35,"href":"https:\/\/tvsky.pl\/cms\/index.php\/wp-json\/wp\/v2\/pages\/21\/revisions"}],"predecessor-version":[{"id":429,"href":"https:\/\/tvsky.pl\/cms\/index.php\/wp-json\/wp\/v2\/pages\/21\/revisions\/429"}],"up":[{"embeddable":true,"href":"https:\/\/tvsky.pl\/cms\/index.php\/wp-json\/wp\/v2\/pages\/45"}],"wp:attachment":[{"href":"https:\/\/tvsky.pl\/cms\/index.php\/wp-json\/wp\/v2\/media?parent=21"}],"curies":[{"name":"wp","href":"https:\/\/api.w.org\/{rel}","templated":true}]}}