{"id":23,"date":"2019-08-16T09:21:21","date_gmt":"2019-08-16T09:21:21","guid":{"rendered":"http:\/\/tvsky.pl\/cms\/?page_id=23"},"modified":"2019-08-16T10:56:18","modified_gmt":"2019-08-16T10:56:18","slug":"serwis","status":"publish","type":"page","link":"https:\/\/tvsky.pl\/cms\/index.php\/serwis\/","title":{"rendered":"Serwis"},"content":{"rendered":"\r\n<p>Wszelkie usterki dotycz\u0105ce Telewizji Kablowej oraz Internetu prosimy zg\u0142asza\u0107<\/p>\r\n\r\n\r\n\r\n<ul class=\"wp-block-list\">\r\n<li>osobi\u015bcie w naszym biurze w godzinach otwarcia<\/li>\r\n<li>telefonicznie na numer telefonu 42-647-14-74 w godzinach otwarcia biura<\/li>\r\n<\/ul>\r\n\r\n\r\n\r\n<ul class=\"wp-block-list\">\r\n<li>poza godzinami otwarcia biura w godzinach 8-21<\/li>\r\n<li>NA NUMER TELEFONU\u00a0<strong>601-224-154<\/strong><\/li>\r\n<li><strong>Po godzinie 21:00 prosimy o przysy\u0142anie SMS\u00f3w z podaniem numeru ABONENCKIEGO i typu usterki.<\/strong><\/li>\r\n<\/ul>\r\n\r\n\r\n\r\n<p><strong>oraz na adres e-mail serwisu : <\/strong><strong>serwis@tvsky.pl<\/strong><\/p>\r\n<p><strong>PRZY ZG\u0141ASZANIU USTERKI PROSIMY O PODAWANIE ADRESU <\/strong><strong>DLA KT\u00d3REGO ZG\u0141ASZAJ\u0104 PA\u0143STWO USTERK\u0118 ORAZ NUMERU TELEFONU<\/strong><\/p>\r\n<p>REKLAMACJE dotycz\u0105ce us\u0142ug prosimy sk\u0142ada\u0107 w biurze w formie pisemnej lub innym utrwalonym no\u015bniku danych w ramach standardowego post\u0119powania reklamacyjnego okre\u015blonego oddzielnymi przepisami<\/p>\r\n\r\n\r\n\r\n<p><em>Po zako\u0144czeniu post\u0119powania reklamacyjnego Abonent ma prawo skierowa\u0107 spraw\u0119 na drog\u0119 post\u0119powania przed s\u0105dem powszechnym lub w przypadku, gdy reklamuj\u0105cy jest osob\u0105 fizyczn\u0105, kt\u00f3ra zawar\u0142a Umow\u0119 w celu niezwi\u0105zanym bezpo\u015brednio z jej dzia\u0142alno\u015bci\u0105 gospodarcz\u0105 lub zawodow\u0105, ma ona prawo dochodzenia roszcze\u0144 w drodze:<\/em><\/p>\r\n\r\n\r\n\r\n<p><em>a)\u00a0\u00a0\u00a0\u00a0\u00a0\u00a0\u00a0\u00a0\u00a0\u00a0 wskazanego w art. 109 ustawy Prawo telekomunikacyjne post\u0119powania w sprawie pozas\u0105dowego rozwi\u0105zywania spor\u00f3w konsumenckich prowadzonego przez Prezesa UKE jako podmiot uprawniony w rozumieniu ustawy z dnia 23 wrze\u015bnia 2016 r. o pozas\u0105dowym rozwi\u0105zywaniu spor\u00f3w konsumenckich, lub<\/em><\/p>\r\n\r\n\r\n\r\n<p><em>b)\u00a0\u00a0\u00a0\u00a0\u00a0\u00a0\u00a0\u00a0\u00a0\u00a0 wskazanego w art. 110 post\u0119powania przed polubownym s\u0105dem konsumenckim dzia\u0142aj\u0105cym przy Prezesie UKE.<\/em><\/p>\r\n","protected":false},"excerpt":{"rendered":"<p>Wszelkie usterki dotycz\u0105ce Telewizji Kablowej oraz Internetu prosimy zg\u0142asza\u0107 osobi\u015bcie w naszym biurze w godzinach otwarcia telefonicznie na numer telefonu 42-647-14-74 w godzinach otwarcia biura poza godzinami otwarcia biura w godzinach 8-21 NA NUMER TELEFONU\u00a0601-224-154 Po godzinie 21:00 prosimy o przysy\u0142anie SMS\u00f3w z podaniem numeru ABONENCKIEGO i typu usterki. oraz na adres e-mail serwisu : &hellip; <\/p>\n<p><a class=\"more-link btn\" href=\"https:\/\/tvsky.pl\/cms\/index.php\/serwis\/\">Czytaj dalej<\/a><\/p>\n","protected":false},"author":1,"featured_media":0,"parent":0,"menu_order":3,"comment_status":"closed","ping_status":"closed","template":"","meta":{"footnotes":""},"class_list":["post-23","page","type-page","status-publish","hentry","nodate","item-wrap"],"_links":{"self":[{"href":"https:\/\/tvsky.pl\/cms\/index.php\/wp-json\/wp\/v2\/pages\/23","targetHints":{"allow":["GET"]}}],"collection":[{"href":"https:\/\/tvsky.pl\/cms\/index.php\/wp-json\/wp\/v2\/pages"}],"about":[{"href":"https:\/\/tvsky.pl\/cms\/index.php\/wp-json\/wp\/v2\/types\/page"}],"author":[{"embeddable":true,"href":"https:\/\/tvsky.pl\/cms\/index.php\/wp-json\/wp\/v2\/users\/1"}],"replies":[{"embeddable":true,"href":"https:\/\/tvsky.pl\/cms\/index.php\/wp-json\/wp\/v2\/comments?post=23"}],"version-history":[{"count":2,"href":"https:\/\/tvsky.pl\/cms\/index.php\/wp-json\/wp\/v2\/pages\/23\/revisions"}],"predecessor-version":[{"id":115,"href":"https:\/\/tvsky.pl\/cms\/index.php\/wp-json\/wp\/v2\/pages\/23\/revisions\/115"}],"wp:attachment":[{"href":"https:\/\/tvsky.pl\/cms\/index.php\/wp-json\/wp\/v2\/media?parent=23"}],"curies":[{"name":"wp","href":"https:\/\/api.w.org\/{rel}","templated":true}]}}