{"id":25,"date":"2019-08-16T09:21:44","date_gmt":"2019-08-16T09:21:44","guid":{"rendered":"http:\/\/tvsky.pl\/cms\/?page_id=25"},"modified":"2025-01-14T15:25:09","modified_gmt":"2025-01-14T15:25:09","slug":"konto-bankowe","status":"publish","type":"page","link":"https:\/\/tvsky.pl\/cms\/index.php\/konto-bankowe\/","title":{"rendered":"Konto Bankowe"},"content":{"rendered":"\r\n<p>Dla Abonent\u00f3w op\u0142acaj\u0105cych swoje nale\u017cno\u015bci abonamentowe przez konto podajemy numer naszego konta bankowego<\/p>\r\n\r\n\r\n\r\n<p>PREFEROWANY :<\/p>\r\n<p>PKO BP III\/o \u0141\u00f3d\u017a<\/p>\r\n<h1><strong>51 1020 3378 0000 1402 0085 2996<\/strong><\/h1>\r\n<p>LUB\u00a0<\/p>\r\n\r\n\r\n\r\n<h3 class=\"wp-block-heading\">PEKAO S.A.<\/h3>\r\n\r\n\r\n\r\n<p>FILIA SIENKIEWICZA 85\/87 \u0141\u00d3D\u0179<\/p>\r\n\r\n\r\n\r\n<h3 class=\"wp-block-heading\">56 1240 3073 1111 0010 4583 7732<\/h3>\r\n\r\n\r\n\r\n<h4 class=\"wp-block-heading\">W tytule przelewu prosimy o podanie<\/h4>\r\n<h4>\r\n\r\n<\/h4>\r\n<h4 class=\"wp-block-heading\">NUMERU ABONENCKIEGO Z UMOWY<\/h4>\r\n<h4>\r\n\r\n<\/h4>\r\n<h4 class=\"wp-block-heading\">i miesi\u0105ca za kt\u00f3ry Pa\u0144stwo uiszczaj\u0105 op\u0142at\u0119<\/h4>\r\n\r\n\r\n\r\n<p>\u00a0Wp\u0142aty bankowe bez podanych danych,\u00a0kt\u00f3re umo\u017cliwi\u0142yby nam<\/p>\r\n\r\n\r\n\r\n<p>poprawne zaksi\u0119gowanie wp\u0142acony kwot\u00a0s\u0105 zwracane na konto osoby wp\u0142acaj\u0105cej.<\/p>\r\n\r\n\r\n\r\n<p>&nbsp;<\/p>\r\n","protected":false},"excerpt":{"rendered":"<p>Dla Abonent\u00f3w op\u0142acaj\u0105cych swoje nale\u017cno\u015bci abonamentowe przez konto podajemy numer naszego konta bankowego PREFEROWANY : PKO BP III\/o \u0141\u00f3d\u017a 51 1020 3378 0000 1402 0085 2996 LUB\u00a0 PEKAO S.A. FILIA SIENKIEWICZA 85\/87 \u0141\u00d3D\u0179 56 1240 3073 1111 0010 4583 7732 W tytule przelewu prosimy o podanie NUMERU ABONENCKIEGO Z UMOWY i miesi\u0105ca za kt\u00f3ry Pa\u0144stwo &hellip; <\/p>\n<p><a class=\"more-link btn\" href=\"https:\/\/tvsky.pl\/cms\/index.php\/konto-bankowe\/\">Czytaj dalej<\/a><\/p>\n","protected":false},"author":1,"featured_media":0,"parent":0,"menu_order":5,"comment_status":"closed","ping_status":"closed","template":"","meta":{"footnotes":""},"class_list":["post-25","page","type-page","status-publish","hentry","nodate","item-wrap"],"_links":{"self":[{"href":"https:\/\/tvsky.pl\/cms\/index.php\/wp-json\/wp\/v2\/pages\/25","targetHints":{"allow":["GET"]}}],"collection":[{"href":"https:\/\/tvsky.pl\/cms\/index.php\/wp-json\/wp\/v2\/pages"}],"about":[{"href":"https:\/\/tvsky.pl\/cms\/index.php\/wp-json\/wp\/v2\/types\/page"}],"author":[{"embeddable":true,"href":"https:\/\/tvsky.pl\/cms\/index.php\/wp-json\/wp\/v2\/users\/1"}],"replies":[{"embeddable":true,"href":"https:\/\/tvsky.pl\/cms\/index.php\/wp-json\/wp\/v2\/comments?post=25"}],"version-history":[{"count":6,"href":"https:\/\/tvsky.pl\/cms\/index.php\/wp-json\/wp\/v2\/pages\/25\/revisions"}],"predecessor-version":[{"id":399,"href":"https:\/\/tvsky.pl\/cms\/index.php\/wp-json\/wp\/v2\/pages\/25\/revisions\/399"}],"wp:attachment":[{"href":"https:\/\/tvsky.pl\/cms\/index.php\/wp-json\/wp\/v2\/media?parent=25"}],"curies":[{"name":"wp","href":"https:\/\/api.w.org\/{rel}","templated":true}]}}