{"id":27,"date":"2019-08-16T09:22:06","date_gmt":"2019-08-16T09:22:06","guid":{"rendered":"http:\/\/tvsky.pl\/cms\/?page_id=27"},"modified":"2022-12-22T16:08:22","modified_gmt":"2022-12-22T16:08:22","slug":"platnosci","status":"publish","type":"page","link":"https:\/\/tvsky.pl\/cms\/index.php\/platnosci\/","title":{"rendered":"P\u0142atno\u015bci"},"content":{"rendered":"\r\n<p>Wszystkie p\u0142atno\u015bci z tytu\u0142u \u015bwiadczonych przez Nas us\u0142ug winni Pa\u0144stwo<\/p>\r\n\r\n\r\n\r\n<p>zgodnie z zawartymi u nas umowami na \u015bwiadczenie us\u0142ug telekomunikacyjnych<\/p>\r\n\r\n\r\n\r\n<p>regulowa\u0107 do<\/p>\r\n\r\n\r\n\r\n<h3 class=\"wp-block-heading\"><strong>15-tego dnia miesi\u0105ca za dany miesi\u0105c abonamentowy.<\/strong><\/h3>\r\n\r\n\r\n\r\n<p>Na przyk\u0142ad : abonament reguluj\u0105cy miesi\u0105c marzec powinien wp\u0142yn\u0105\u0107<\/p>\r\n\r\n\r\n\r\n<p>do 15-tego dnia miesi\u0105ca marca, kwietniowy do 15-tego kwietnia, itd\u2026<\/p>\r\n\r\n\r\n\r\n<p>Stan swoich p\u0142atno\u015bci mog\u0105 Pa\u0144stwo kontrolowa\u0107 przez<\/p>\r\n\r\n\r\n\r\n<h3 class=\"wp-block-heading\"><a href=\"https:\/\/boa.tvsky.pl\/\">Elektroniczny System Obs\u0142ugi \u2013 EOS<\/a>\u00a0<\/h3>\r\n\r\n\r\n\r\n<p>Wszelkie potwierdzenia regulacji zaleg\u0142o\u015bci z tytu\u0142u op\u0142at abonamentowych<\/p>\r\n\r\n\r\n\r\n<p>prosimy kierowa\u0107 na adres<\/p>\r\n\r\n\r\n\r\n<h3 class=\"wp-block-heading\">ksiegowosc@tvsky.pl<\/h3>\r\n","protected":false},"excerpt":{"rendered":"<p>Wszystkie p\u0142atno\u015bci z tytu\u0142u \u015bwiadczonych przez Nas us\u0142ug winni Pa\u0144stwo zgodnie z zawartymi u nas umowami na \u015bwiadczenie us\u0142ug telekomunikacyjnych regulowa\u0107 do 15-tego dnia miesi\u0105ca za dany miesi\u0105c abonamentowy. Na przyk\u0142ad : abonament reguluj\u0105cy miesi\u0105c marzec powinien wp\u0142yn\u0105\u0107 do 15-tego dnia miesi\u0105ca marca, kwietniowy do 15-tego kwietnia, itd\u2026 Stan swoich p\u0142atno\u015bci mog\u0105 Pa\u0144stwo kontrolowa\u0107 przez &hellip; <\/p>\n<p><a class=\"more-link btn\" href=\"https:\/\/tvsky.pl\/cms\/index.php\/platnosci\/\">Czytaj dalej<\/a><\/p>\n","protected":false},"author":1,"featured_media":0,"parent":0,"menu_order":4,"comment_status":"closed","ping_status":"closed","template":"","meta":{"footnotes":""},"class_list":["post-27","page","type-page","status-publish","hentry","nodate","item-wrap"],"_links":{"self":[{"href":"https:\/\/tvsky.pl\/cms\/index.php\/wp-json\/wp\/v2\/pages\/27","targetHints":{"allow":["GET"]}}],"collection":[{"href":"https:\/\/tvsky.pl\/cms\/index.php\/wp-json\/wp\/v2\/pages"}],"about":[{"href":"https:\/\/tvsky.pl\/cms\/index.php\/wp-json\/wp\/v2\/types\/page"}],"author":[{"embeddable":true,"href":"https:\/\/tvsky.pl\/cms\/index.php\/wp-json\/wp\/v2\/users\/1"}],"replies":[{"embeddable":true,"href":"https:\/\/tvsky.pl\/cms\/index.php\/wp-json\/wp\/v2\/comments?post=27"}],"version-history":[{"count":2,"href":"https:\/\/tvsky.pl\/cms\/index.php\/wp-json\/wp\/v2\/pages\/27\/revisions"}],"predecessor-version":[{"id":359,"href":"https:\/\/tvsky.pl\/cms\/index.php\/wp-json\/wp\/v2\/pages\/27\/revisions\/359"}],"wp:attachment":[{"href":"https:\/\/tvsky.pl\/cms\/index.php\/wp-json\/wp\/v2\/media?parent=27"}],"curies":[{"name":"wp","href":"https:\/\/api.w.org\/{rel}","templated":true}]}}