{"id":31,"date":"2019-08-16T09:23:05","date_gmt":"2019-08-16T09:23:05","guid":{"rendered":"http:\/\/tvsky.pl\/cms\/?page_id=31"},"modified":"2020-01-24T09:13:01","modified_gmt":"2020-01-24T09:13:01","slug":"kontakt_onas","status":"publish","type":"page","link":"https:\/\/tvsky.pl\/cms\/index.php\/kontakt\/kontakt_onas\/","title":{"rendered":"O Nas"},"content":{"rendered":"\r\n\r\n\r\n<p style=\"text-align: center;\">Stowarzyszenie D\u0105browa Sky<\/p>\r\n\r\n\r\n\r\n<p style=\"text-align: center;\">Broniewskiego 62,\u00a093-264 \u0141\u00f3d\u017a<\/p>\r\n\r\n\r\n\r\n<p style=\"text-align: center;\">NIP: 729-11-06-622<\/p>\r\n\r\n\r\n\r\n<p style=\"text-align: center;\">KRS : 00011367<\/p>\r\n\r\n\r\n\r\n<p style=\"text-align: center;\">Wpis numer\u00a0<a href=\"https:\/\/bip.uke.gov.pl\/rpt\/rejestr-przedsiebiorcow-telekomunikacyjnych\/?p=2&amp;page=1&amp;numer=1331\">1331<\/a>\u00a0w Rejestrze Przedsi\u0119biorc\u00f3w Telekomunikacyjnych<\/p>\r\n\r\n\r\n\r\n<p style=\"text-align: center;\">Urz\u0119du Komunikacji Elektronicznej<\/p>\r\n\r\n\r\n\r\n\r\n","protected":false},"excerpt":{"rendered":"<p>Stowarzyszenie D\u0105browa Sky Broniewskiego 62,\u00a093-264 \u0141\u00f3d\u017a NIP: 729-11-06-622 KRS : 00011367 Wpis numer\u00a01331\u00a0w Rejestrze Przedsi\u0119biorc\u00f3w Telekomunikacyjnych Urz\u0119du Komunikacji Elektronicznej<\/p>\n","protected":false},"author":1,"featured_media":0,"parent":47,"menu_order":1,"comment_status":"closed","ping_status":"closed","template":"","meta":{"footnotes":""},"class_list":["post-31","page","type-page","status-publish","hentry","nodate","item-wrap"],"_links":{"self":[{"href":"https:\/\/tvsky.pl\/cms\/index.php\/wp-json\/wp\/v2\/pages\/31","targetHints":{"allow":["GET"]}}],"collection":[{"href":"https:\/\/tvsky.pl\/cms\/index.php\/wp-json\/wp\/v2\/pages"}],"about":[{"href":"https:\/\/tvsky.pl\/cms\/index.php\/wp-json\/wp\/v2\/types\/page"}],"author":[{"embeddable":true,"href":"https:\/\/tvsky.pl\/cms\/index.php\/wp-json\/wp\/v2\/users\/1"}],"replies":[{"embeddable":true,"href":"https:\/\/tvsky.pl\/cms\/index.php\/wp-json\/wp\/v2\/comments?post=31"}],"version-history":[{"count":5,"href":"https:\/\/tvsky.pl\/cms\/index.php\/wp-json\/wp\/v2\/pages\/31\/revisions"}],"predecessor-version":[{"id":197,"href":"https:\/\/tvsky.pl\/cms\/index.php\/wp-json\/wp\/v2\/pages\/31\/revisions\/197"}],"up":[{"embeddable":true,"href":"https:\/\/tvsky.pl\/cms\/index.php\/wp-json\/wp\/v2\/pages\/47"}],"wp:attachment":[{"href":"https:\/\/tvsky.pl\/cms\/index.php\/wp-json\/wp\/v2\/media?parent=31"}],"curies":[{"name":"wp","href":"https:\/\/api.w.org\/{rel}","templated":true}]}}