{"id":33,"date":"2019-08-16T09:23:27","date_gmt":"2019-08-16T09:23:27","guid":{"rendered":"http:\/\/tvsky.pl\/cms\/?page_id=33"},"modified":"2019-08-16T10:52:21","modified_gmt":"2019-08-16T10:52:21","slug":"kontakt_biuro","status":"publish","type":"page","link":"https:\/\/tvsky.pl\/cms\/index.php\/kontakt\/kontakt_biuro\/","title":{"rendered":"Biuro Obs\u0142ugi Abonenta"},"content":{"rendered":"\r\n<h2 class=\"wp-block-heading\">Biuro TVK D\u0105browa Sky<\/h2>\r\n\r\n\r\n\r\n<p>mie\u015bci si\u0119 przy ulicy Broniewskiego 62<\/p>\r\n\r\n\r\n\r\n\r\n\r\n<p>(pawilon na rogu ulic Anczyca i Broniewskiego na przeciwko Szko\u0142y Podstawowej numer 64)<\/p>\r\n\r\n\r\n\r\n<p><iframe loading=\"lazy\" style=\"border: 0;\" src=\"https:\/\/www.google.com\/maps\/embed?pb=!1m18!1m12!1m3!1d2077.778609313901!2d19.497401981922657!3d51.73469783679975!2m3!1f0!2f0!3f0!3m2!1i1024!2i768!4f13.1!3m3!1m2!1s0x0%3A0xbb8fe2ea6f72a783!2sTelewizja+Kablowa+D%C4%85browa+Sky!5e0!3m2!1spl!2spl!4v1565952627949!5m2!1spl!2spl\" width=\"600\" height=\"450\" frameborder=\"0\" allowfullscreen=\"allowfullscreen\"><\/iframe><\/p>\r\n","protected":false},"excerpt":{"rendered":"<p>Biuro TVK D\u0105browa Sky mie\u015bci si\u0119 przy ulicy Broniewskiego 62 (pawilon na rogu ulic Anczyca i Broniewskiego na przeciwko Szko\u0142y Podstawowej numer 64)<\/p>\n","protected":false},"author":1,"featured_media":0,"parent":47,"menu_order":2,"comment_status":"closed","ping_status":"closed","template":"","meta":{"footnotes":""},"class_list":["post-33","page","type-page","status-publish","hentry","nodate","item-wrap"],"_links":{"self":[{"href":"https:\/\/tvsky.pl\/cms\/index.php\/wp-json\/wp\/v2\/pages\/33","targetHints":{"allow":["GET"]}}],"collection":[{"href":"https:\/\/tvsky.pl\/cms\/index.php\/wp-json\/wp\/v2\/pages"}],"about":[{"href":"https:\/\/tvsky.pl\/cms\/index.php\/wp-json\/wp\/v2\/types\/page"}],"author":[{"embeddable":true,"href":"https:\/\/tvsky.pl\/cms\/index.php\/wp-json\/wp\/v2\/users\/1"}],"replies":[{"embeddable":true,"href":"https:\/\/tvsky.pl\/cms\/index.php\/wp-json\/wp\/v2\/comments?post=33"}],"version-history":[{"count":4,"href":"https:\/\/tvsky.pl\/cms\/index.php\/wp-json\/wp\/v2\/pages\/33\/revisions"}],"predecessor-version":[{"id":110,"href":"https:\/\/tvsky.pl\/cms\/index.php\/wp-json\/wp\/v2\/pages\/33\/revisions\/110"}],"up":[{"embeddable":true,"href":"https:\/\/tvsky.pl\/cms\/index.php\/wp-json\/wp\/v2\/pages\/47"}],"wp:attachment":[{"href":"https:\/\/tvsky.pl\/cms\/index.php\/wp-json\/wp\/v2\/media?parent=33"}],"curies":[{"name":"wp","href":"https:\/\/api.w.org\/{rel}","templated":true}]}}