{"id":37,"date":"2019-08-16T09:24:34","date_gmt":"2019-08-16T09:24:34","guid":{"rendered":"http:\/\/tvsky.pl\/cms\/?page_id=37"},"modified":"2019-09-05T12:42:10","modified_gmt":"2019-09-05T12:42:10","slug":"kontakt_adresy","status":"publish","type":"page","link":"https:\/\/tvsky.pl\/cms\/index.php\/kontakt\/kontakt_adresy\/","title":{"rendered":"Adresy e-mail"},"content":{"rendered":"\r\n<table class=\"wp-block-table\">\r\n<tbody>\r\n<tr>\r\n<td>ADRESY POCZTY POSZCZEG\u00d3LNYCH DZIA\u0141\u00d3W BIURA<\/td>\r\n<\/tr>\r\n<tr>\r\n<td>BIURO<\/td>\r\n<td>\u00a0biuro@tvsky.pl<\/td>\r\n<\/tr>\r\n<tr>\r\n<td>SERWIS TVK \/ INTERNET SKY.NET<\/td>\r\n<td>serwis@tvsky.pl<\/td>\r\n<\/tr>\r\n<tr>\r\n<td>ADMINISTRATOR SIECI SKY.NET<\/td>\r\n<td>admin@tvsky.pl<\/td>\r\n<\/tr>\r\n<\/tbody>\r\n<\/table>\r\n","protected":false},"excerpt":{"rendered":"<p>ADRESY POCZTY POSZCZEG\u00d3LNYCH DZIA\u0141\u00d3W BIURA BIURO \u00a0biuro@tvsky.pl SERWIS TVK \/ INTERNET SKY.NET serwis@tvsky.pl ADMINISTRATOR SIECI SKY.NET admin@tvsky.pl<\/p>\n","protected":false},"author":1,"featured_media":0,"parent":47,"menu_order":4,"comment_status":"closed","ping_status":"closed","template":"","meta":{"footnotes":""},"class_list":["post-37","page","type-page","status-publish","hentry","nodate","item-wrap"],"_links":{"self":[{"href":"https:\/\/tvsky.pl\/cms\/index.php\/wp-json\/wp\/v2\/pages\/37","targetHints":{"allow":["GET"]}}],"collection":[{"href":"https:\/\/tvsky.pl\/cms\/index.php\/wp-json\/wp\/v2\/pages"}],"about":[{"href":"https:\/\/tvsky.pl\/cms\/index.php\/wp-json\/wp\/v2\/types\/page"}],"author":[{"embeddable":true,"href":"https:\/\/tvsky.pl\/cms\/index.php\/wp-json\/wp\/v2\/users\/1"}],"replies":[{"embeddable":true,"href":"https:\/\/tvsky.pl\/cms\/index.php\/wp-json\/wp\/v2\/comments?post=37"}],"version-history":[{"count":4,"href":"https:\/\/tvsky.pl\/cms\/index.php\/wp-json\/wp\/v2\/pages\/37\/revisions"}],"predecessor-version":[{"id":170,"href":"https:\/\/tvsky.pl\/cms\/index.php\/wp-json\/wp\/v2\/pages\/37\/revisions\/170"}],"up":[{"embeddable":true,"href":"https:\/\/tvsky.pl\/cms\/index.php\/wp-json\/wp\/v2\/pages\/47"}],"wp:attachment":[{"href":"https:\/\/tvsky.pl\/cms\/index.php\/wp-json\/wp\/v2\/media?parent=37"}],"curies":[{"name":"wp","href":"https:\/\/api.w.org\/{rel}","templated":true}]}}