{"id":9,"date":"2019-08-16T09:17:13","date_gmt":"2019-08-16T09:17:13","guid":{"rendered":"http:\/\/tvsky.pl\/cms\/?page_id=9"},"modified":"2025-02-03T14:56:19","modified_gmt":"2025-02-03T14:56:19","slug":"tv_podlaczenie","status":"publish","type":"page","link":"https:\/\/tvsky.pl\/cms\/index.php\/telewizja-kablowa\/tv_podlaczenie\/","title":{"rendered":"Instalacja Telewizji Kablowej"},"content":{"rendered":"\r\n<p>POD\u0141\u0104CZENIE TELEWIZJI KABLOWEJ<\/p>\r\n\r\n\r\n\r\n<ol class=\"wp-block-list\">\r\n<li><strong>Czego Pa\u0144stwo potrzebuj\u0105 by podpisa\u0107 umow\u0119 i odbiera\u0107 sygna\u0142 w naszej sieci ?<\/strong>\r\n<ul>\r\n<li>Je\u015bli s\u0105 Pa\u0144stwo zameldowani w lokalu w kt\u00f3rym ma by\u0107 przeprowadzona instalacja \u2013 tylko dow\u00f3d osobisty.<\/li>\r\n<li>Je\u015bli s\u0105 Pa\u0144stwo w\u0142a\u015bcicielami lokalu ale nie s\u0105 Pa\u0144stwo zameldowani \u2013 akt w\u0142asno\u015bci lokalu lub inny tytu\u0142 prawy oraz dow\u00f3d osobisty.<\/li>\r\n<li>Je\u015bli wynajmuj\u0105 Pa\u0144stwo lokal do kt\u00f3rego ma by\u0107 doprowadzony nasz sygna\u0142 \u2013 pozwolenie w\u0142a\u015bciciela lokalu (wype\u0142niony specjalny formularz, do pobrania w formacie PDF\u00a0<a href=\"http:\/\/vsky.pl\/cms\/wp-content\/uploads\/2019\/08\/upowaznienie_wynajmujacy.pdf\">TUTAJ<\/a>), oraz Pa\u0144stwa dow\u00f3d osobisty je\u015bli umowa ma by\u0107 na wynajmuj\u0105cego lokal<\/li>\r\n<\/ul>\r\n<\/li>\r\n<li><strong>Koszt pod\u0142\u0105czenia telewizji kablowej<\/strong>\u00a0\u2013 op\u0142ata aktywacyjna wynosi 49 Z\u0141 BRUTTO (p\u0142atne jednorazowo w kasie, po podpisaniu umowy \u2013 przed instalacj\u0105). Op\u0142ata aktywacyjna jest jednakowa dla WSZYSTKICH abonent\u00f3w \u2013 nie dzielimy abonent\u00f3w na lepszych i gorszych \u2013 niezale\u017cnie czy jest to nowa instalacja, prze\u0142\u0105czenie czy te\u017c ponowna aktywacja us\u0142ugi w lokalu, gdzie ju\u017c by\u0142a instalacja.<\/li>\r\n<li>Instalacja telewizji kablowej przeprowadzana jest\u00a0zwyczajowo<strong>\u00a0w ci\u0105gu 7 dni roboczych<\/strong>\u00a0od dnia nast\u0119puj\u0105cego po dniu podpisania umowy. Przy podpisaniu umowy na podany przez Pa\u0144stwa numer telefonu dzwoni instalator i umawia si\u0119 z Pa\u0144stwem na konkretny dzie\u0144 i godzin\u0119 instalacji.<\/li>\r\n<li>Instalator wprowadzaj\u0105c kabel do Pa\u0144stwa lokalu ko\u0144czy przy\u0142\u0105cze gniazdem abonenckim\u00a0<a href=\"https:\/\/sklep.telmor.pl\/pl\/p\/Gniazdo-abonenckie-z-filtrem-GA-26FB\/156\" target=\"_blank\" rel=\"noreferrer noopener\">TELKOM TELMOR GA-26F<\/a>\u00a0umo\u017cliwiaj\u0105cym podpi\u0119cie jednego telewizora i jednego odbiornika radiowego (Pod\u0142\u0105czenie wi\u0119kszej ilo\u015bci odbiornik\u00f3w telewizyjnych mo\u017cliwe jest po wykonaniu rozga\u0142\u0119zienia sygna\u0142u i jest us\u0142ug\u0105 dodatkow\u0105). Po zako\u0144czonej instalacji instalator pozostawia kabel do pod\u0142\u0105czenia odbiornika TV d\u0142ugo\u015bci maksymalnie 150cm zako\u0144czony wtykiem m\u0119skim\u00a0<a href=\"https:\/\/sklep.telmor.pl\/pl\/p\/Wtyk-F-WKS-107-TELMOR\/77\" target=\"_blank\" rel=\"noreferrer noopener\">TELKOM TELMOR WKW<\/a>\u00a0.<\/li>\r\n<li>UWAGA! Wszelkie prace polegaj\u0105ce na przewiercaniu paneli pod\u0142ogowych i \u015bciennych, szaf, p\u0142ytek ceramicznych WYKONYWANE S\u0104 TYLKO I WY\u0141\u0104CZNIE NA \u017bYCZENIE I ODPOWIEDZIALNO\u015a\u0106 W\u0141A\u015aCICIELA \/ DYSPONENTA LOKALU I INSTALATOR MA PRAWO ODM\u00d3WI\u0106 WYKONANIA TAKICH CZYNNO\u015aCI.<\/li>\r\n<li>Informujemy, i\u017c instalatorzy nie demontuj\u0105\/montuj\u0105 \u00a0paneli pod\u0142ogowych ani \u015bciennych oraz boazerii, szaf wn\u0119kowych i tym podobnych element\u00f3w zabudowy.<\/li>\r\n<\/ol>\r\n","protected":false},"excerpt":{"rendered":"<p>POD\u0141\u0104CZENIE TELEWIZJI KABLOWEJ Czego Pa\u0144stwo potrzebuj\u0105 by podpisa\u0107 umow\u0119 i odbiera\u0107 sygna\u0142 w naszej sieci ? Je\u015bli s\u0105 Pa\u0144stwo zameldowani w lokalu w kt\u00f3rym ma by\u0107 przeprowadzona instalacja \u2013 tylko dow\u00f3d osobisty. Je\u015bli s\u0105 Pa\u0144stwo w\u0142a\u015bcicielami lokalu ale nie s\u0105 Pa\u0144stwo zameldowani \u2013 akt w\u0142asno\u015bci lokalu lub inny tytu\u0142 prawy oraz dow\u00f3d osobisty. Je\u015bli wynajmuj\u0105 &hellip; <\/p>\n<p><a class=\"more-link btn\" href=\"https:\/\/tvsky.pl\/cms\/index.php\/telewizja-kablowa\/tv_podlaczenie\/\">Czytaj dalej<\/a><\/p>\n","protected":false},"author":1,"featured_media":0,"parent":43,"menu_order":2,"comment_status":"closed","ping_status":"closed","template":"","meta":{"footnotes":""},"class_list":["post-9","page","type-page","status-publish","hentry","nodate","item-wrap"],"_links":{"self":[{"href":"https:\/\/tvsky.pl\/cms\/index.php\/wp-json\/wp\/v2\/pages\/9","targetHints":{"allow":["GET"]}}],"collection":[{"href":"https:\/\/tvsky.pl\/cms\/index.php\/wp-json\/wp\/v2\/pages"}],"about":[{"href":"https:\/\/tvsky.pl\/cms\/index.php\/wp-json\/wp\/v2\/types\/page"}],"author":[{"embeddable":true,"href":"https:\/\/tvsky.pl\/cms\/index.php\/wp-json\/wp\/v2\/users\/1"}],"replies":[{"embeddable":true,"href":"https:\/\/tvsky.pl\/cms\/index.php\/wp-json\/wp\/v2\/comments?post=9"}],"version-history":[{"count":5,"href":"https:\/\/tvsky.pl\/cms\/index.php\/wp-json\/wp\/v2\/pages\/9\/revisions"}],"predecessor-version":[{"id":414,"href":"https:\/\/tvsky.pl\/cms\/index.php\/wp-json\/wp\/v2\/pages\/9\/revisions\/414"}],"up":[{"embeddable":true,"href":"https:\/\/tvsky.pl\/cms\/index.php\/wp-json\/wp\/v2\/pages\/43"}],"wp:attachment":[{"href":"https:\/\/tvsky.pl\/cms\/index.php\/wp-json\/wp\/v2\/media?parent=9"}],"curies":[{"name":"wp","href":"https:\/\/api.w.org\/{rel}","templated":true}]}}